{"id":18216,"date":"2024-03-07T08:08:39","date_gmt":"2024-03-07T07:08:39","guid":{"rendered":"https:\/\/ewl-lauf.de\/de\/?page_id=18216"},"modified":"2025-10-08T18:46:24","modified_gmt":"2025-10-08T16:46:24","slug":"einladung-zur-mitarbeit","status":"publish","type":"page","link":"https:\/\/ewl-lauf.de\/de\/einladung-zur-mitarbeit\/","title":{"rendered":"Einladung zur Mitarbeit"},"content":{"rendered":"<p>[et_pb_section fb_built=&#8220;1&#8243; admin_label=&#8220;Call to Action&#8220; _builder_version=&#8220;4.24.2&#8243; _module_preset=&#8220;default&#8220; background_color=&#8220;RGBA(255,255,255,0)&#8220; background_enable_image=&#8220;off&#8220; parallax=&#8220;on&#8220; custom_padding=&#8220;0px||0px||true|false&#8220; top_divider_style=&#8220;wave2&#8243; top_divider_color=&#8220;#CE622F&#8220; bottom_divider_style=&#8220;wave&#8220; bottom_divider_color=&#8220;#2A2F31&#8243; bottom_divider_arrangement=&#8220;above_content&#8220; collapsed=&#8220;on&#8220; global_colors_info=&#8220;{}&#8220;][et_pb_row use_custom_gutter=&#8220;on&#8220; gutter_width=&#8220;1&#8243; make_equal=&#8220;on&#8220; _builder_version=&#8220;4.24.2&#8243; _module_preset=&#8220;default&#8220; custom_padding=&#8220;0px||0px||true|false&#8220; box_shadow_style=&#8220;preset4&#8243; box_shadow_horizontal=&#8220;-30vw&#8220; box_shadow_vertical=&#8220;0px&#8220; box_shadow_color=&#8220;RGBA(255,255,255,0)&#8220; global_colors_info=&#8220;{}&#8220;][et_pb_column type=&#8220;4_4&#8243; _builder_version=&#8220;4.24.2&#8243; _module_preset=&#8220;default&#8220; background_color=&#8220;RGBA(255,255,255,0)&#8220; custom_padding=&#8220;6vw|6vw|||false|false&#8220; custom_padding_tablet=&#8220;12vw||||false|false&#8220; custom_padding_phone=&#8220;24vw||||false|false&#8220; custom_padding_last_edited=&#8220;on|phone&#8220; global_colors_info=&#8220;{}&#8220;][et_pb_post_title meta=&#8220;off&#8220; featured_image=&#8220;off&#8220; _builder_version=&#8220;4.24.2&#8243; _module_preset=&#8220;default&#8220; title_level=&#8220;h2&#8243; title_font=&#8220;|600||on|||||&#8220; title_font_size=&#8220;40px&#8220; title_line_height=&#8220;1.2em&#8220; custom_padding=&#8220;||10px||false|false&#8220; title_font_size_tablet=&#8220;30px&#8220; title_font_size_phone=&#8220;28px&#8220; title_font_size_last_edited=&#8220;on|phone&#8220; global_colors_info=&#8220;{}&#8220;][\/et_pb_post_title][\/et_pb_column][\/et_pb_row][et_pb_row column_structure=&#8220;3_5,2_5&#8243; use_custom_gutter=&#8220;on&#8220; gutter_width=&#8220;1&#8243; make_equal=&#8220;on&#8220; _builder_version=&#8220;4.24.2&#8243; _module_preset=&#8220;default&#8220; custom_margin=&#8220;||||false|false&#8220; custom_padding=&#8220;0px||50px||false|false&#8220; box_shadow_style=&#8220;preset4&#8243; box_shadow_horizontal=&#8220;-30vw&#8220; box_shadow_vertical=&#8220;0px&#8220; box_shadow_color=&#8220;RGBA(255,255,255,0)&#8220; global_colors_info=&#8220;{}&#8220;][et_pb_column type=&#8220;3_5&#8243; _builder_version=&#8220;4.24.2&#8243; _module_preset=&#8220;default&#8220; background_color=&#8220;RGBA(255,255,255,0)&#8220; custom_padding=&#8220;|6vw|6vw||false|false&#8220; global_colors_info=&#8220;{}&#8220;][et_pb_text _builder_version=&#8220;4.24.2&#8243; _module_preset=&#8220;eeafbefa-8264-4fcb-a323-6098822ed8d0&#8243; text_font=&#8220;||||||||&#8220; text_text_color=&#8220;gcid-a9d8e14e-2f78-408a-a83c-506939196b52&#8243; width=&#8220;100%&#8220; custom_margin=&#8220;||30px||false|false&#8220; global_colors_info=&#8220;{%22gcid-a9d8e14e-2f78-408a-a83c-506939196b52%22:%91%22text_text_color%22%93}&#8220;]<\/p>\n<p style=\"text-align: justify;\">Hast Du Interesse an einer ehrenamtlichen Mitarbeit im Eine-Welt-Laden?<br \/>Bei uns kannst Du auf verschieden Art und Weise mitarbeiten: Regelm\u00e4\u00dfig im Verkauf im Laden w\u00e4hrend einer festen Schicht von zwei bis drei Stunden pro Woche bzw. alle zwei Wochen oder im Rahmen besonderer Aktionen. Nach ausreichenden Erfahrungen im Verkauf ist auch die \u00dcbernahme von Einkaufst\u00e4tigkeiten m\u00f6glich. Weitere Beteiligungsm\u00f6glichkeiten gibt es im Bereich \u00d6ffentlichkeitsarbeit (Webseite, Facebook, Instagram, Pressearbeit), im Finanz- und Personalwesen oder bei einer ansprechenden Dekoration des Ladens. Ein weiteres Bet\u00e4tigungsfeld ist die Planung und Durchf\u00fchrung von Informations- und Bildungsveranstaltungen.<\/p>\n<p>[\/et_pb_text][et_pb_text _builder_version=&#8220;4.24.2&#8243; _module_preset=&#8220;eeafbefa-8264-4fcb-a323-6098822ed8d0&#8243; text_font=&#8220;||||||||&#8220; text_text_color=&#8220;gcid-a9d8e14e-2f78-408a-a83c-506939196b52&#8243; width=&#8220;100%&#8220; custom_margin=&#8220;||30px||false|false&#8220; global_colors_info=&#8220;{%22gcid-a9d8e14e-2f78-408a-a83c-506939196b52%22:%91%22text_text_color%22%93}&#8220;]<\/p>\n<p>Wer sich bei uns ehrenamtlich engagieren m\u00f6chte, ganz gleich, ob jung oder alt, kann uns jederzeit im Laden ansprechen, unsere Ladenkoordinatorin Gudrun Kr\u00fcger anrufen (Tel. 0911\/501956) oder eine Mail schreiben. Eine Mitgliedschaft in unserem Verein Eine-Welt-Laden Lauf e.V. ist nicht Voraussetzung f\u00fcr die Mitarbeit, aber auch nicht ausgeschlossen.<\/p>\n<p>Wir freuen uns darauf, Dich kennen zu lernen!<\/p>\n<p>[\/et_pb_text][et_pb_image src=&#8220;https:\/\/ewl-lauf.de\/de\/wp-content\/uploads\/2025\/10\/Teamfoto-scaled.jpg&#8220; _builder_version=&#8220;4.27.4&#8243; _module_preset=&#8220;default&#8220; title_text=&#8220;Teamfoto&#8220; hover_enabled=&#8220;0&#8243; sticky_enabled=&#8220;0&#8243;][\/et_pb_image][\/et_pb_column][et_pb_column type=&#8220;2_5&#8243; _builder_version=&#8220;4.24.2&#8243; _module_preset=&#8220;default&#8220; background_color=&#8220;RGBA(255,255,255,0)&#8220; custom_padding=&#8220;||6vw||false|false&#8220; global_colors_info=&#8220;{}&#8220;][et_pb_text _builder_version=&#8220;4.24.2&#8243; _module_preset=&#8220;eeafbefa-8264-4fcb-a323-6098822ed8d0&#8243; text_font=&#8220;||||||||&#8220; text_text_color=&#8220;gcid-a9d8e14e-2f78-408a-a83c-506939196b52&#8243; header_3_font=&#8220;|600|||||||&#8220; background_color=&#8220;gcid-cb91e05a-a65b-4604-a848-3eebeb47b543&#8243; width=&#8220;100%&#8220; custom_margin=&#8220;||30px||false|false&#8220; custom_padding=&#8220;20px|20px|20px|20px|true|true&#8220; box_shadow_style=&#8220;preset1&#8243; global_colors_info=&#8220;{%22gcid-a9d8e14e-2f78-408a-a83c-506939196b52%22:%91%22text_text_color%22%93,%22gcid-cb91e05a-a65b-4604-a848-3eebeb47b543%22:%91%22background_color%22%93}&#8220;]<\/p>\n<h3>Das solltest du mitbringen:<\/h3>\n<ul>\n<li>Interesse an entwicklungspolitischen Fragestellungen und an Themen des ethischen Konsums<\/li>\n<li>die Bereitschaft, sich l\u00e4ngerfristig und zuverl\u00e4ssig zu engagieren und sich in unser Team zu integrieren (z. B. durch die Teilnahme an den monatlichen Teamtreffen)<\/li>\n<li>Je nach Bedarf die Bereitschaft zur Teilnahme an Aus- und Fortbildungen zum Fairen Handel<\/li>\n<li>Grundkenntnisse im Umgang mit dem Computer<\/li>\n<li>Spa\u00df am Verkaufen und offenes Zugehen auf unsere Kund*innen<\/li>\n<\/ul>\n<p>[\/et_pb_text][et_pb_text _builder_version=&#8220;4.24.2&#8243; _module_preset=&#8220;eeafbefa-8264-4fcb-a323-6098822ed8d0&#8243; text_font=&#8220;||||||||&#8220; text_text_color=&#8220;gcid-a9d8e14e-2f78-408a-a83c-506939196b52&#8243; header_3_font=&#8220;|600|||||||&#8220; background_color=&#8220;gcid-cb91e05a-a65b-4604-a848-3eebeb47b543&#8243; width=&#8220;100%&#8220; custom_margin=&#8220;||30px||false|false&#8220; custom_padding=&#8220;20px|20px|20px|20px|true|true&#8220; box_shadow_style=&#8220;preset1&#8243; global_colors_info=&#8220;{%22gcid-a9d8e14e-2f78-408a-a83c-506939196b52%22:%91%22text_text_color%22,%22text_text_color%22%93,%22gcid-cb91e05a-a65b-4604-a848-3eebeb47b543%22:%91%22background_color%22%93}&#8220;]<\/p>\n<h3>Das haben wir Dir zu bieten:<\/h3>\n<ul>\n<li>Eine befriedigende T\u00e4tigkeit mit inspirierenden Kontakten in unserem engagierten Team und mit unseren Kund*innen<\/li>\n<li>Informative Austauschtreffen und Fortbildungsm\u00f6glichkeiten (nach Wunsch)<\/li>\n<li>Einkaufsvorteile bei kunsthandwerklichen Artikeln<\/li>\n<li>Unfall- und Haftpflichtversicherung<\/li>\n<li>Wertsch\u00e4tzung und kleine Anerkennungs\u00fcberraschungen<\/li>\n<\/ul>\n<p>[\/et_pb_text][\/et_pb_column][\/et_pb_row][\/et_pb_section]<\/p>\n","protected":false},"excerpt":{"rendered":"<p>Hast Du Interesse an einer ehrenamtlichen Mitarbeit im Eine-Welt-Laden?Bei uns kannst Du auf verschieden Art und Weise mitarbeiten: Regelm\u00e4\u00dfig im Verkauf im Laden w\u00e4hrend einer festen Schicht von zwei bis drei Stunden pro Woche bzw. alle zwei Wochen oder im Rahmen besonderer Aktionen. Nach ausreichenden Erfahrungen im Verkauf ist auch die \u00dcbernahme von Einkaufst\u00e4tigkeiten m\u00f6glich. Weitere Beteiligungsm\u00f6glichkeiten gibt es im Bereich \u00d6ffentlichkeitsarbeit (Webseite, Facebook, Instagram, Pressearbeit), im Finanz- und Personalwesen oder bei einer ansprechenden Dekoration des Ladens. Ein weiteres Bet\u00e4tigungsfeld ist die Planung und Durchf\u00fchrung von Informations- und Bildungsveranstaltungen.Wer sich bei uns ehrenamtlich engagieren m\u00f6chte, ganz gleich, ob jung oder alt, kann uns jederzeit im Laden ansprechen, unsere Ladenkoordinatorin Gudrun Kr\u00fcger anrufen (Tel. 0911\/501956) oder eine Mail schreiben. Eine Mitgliedschaft in unserem Verein Eine-Welt-Laden Lauf e.V. ist nicht Voraussetzung f\u00fcr die Mitarbeit, aber auch nicht ausgeschlossen. Wir freuen uns darauf, Dich kennen zu lernen!Das solltest du mitbringen: Interesse an entwicklungspolitischen Fragestellungen und an Themen des ethischen Konsums die Bereitschaft, sich l\u00e4ngerfristig und zuverl\u00e4ssig zu engagieren und sich in unser Team zu integrieren (z. B. durch die Teilnahme an den monatlichen Teamtreffen) Je nach Bedarf die Bereitschaft zur Teilnahme an Aus- und Fortbildungen zum Fairen Handel Grundkenntnisse im Umgang mit dem [&hellip;]<\/p>\n","protected":false},"author":1,"featured_media":0,"parent":0,"menu_order":0,"comment_status":"closed","ping_status":"closed","template":"","meta":{"_et_pb_use_builder":"on","_et_pb_old_content":"","_et_gb_content_width":"","footnotes":""},"class_list":["post-18216","page","type-page","status-publish","hentry"],"_links":{"self":[{"href":"https:\/\/ewl-lauf.de\/de\/wp-json\/wp\/v2\/pages\/18216","targetHints":{"allow":["GET"]}}],"collection":[{"href":"https:\/\/ewl-lauf.de\/de\/wp-json\/wp\/v2\/pages"}],"about":[{"href":"https:\/\/ewl-lauf.de\/de\/wp-json\/wp\/v2\/types\/page"}],"author":[{"embeddable":true,"href":"https:\/\/ewl-lauf.de\/de\/wp-json\/wp\/v2\/users\/1"}],"replies":[{"embeddable":true,"href":"https:\/\/ewl-lauf.de\/de\/wp-json\/wp\/v2\/comments?post=18216"}],"version-history":[{"count":15,"href":"https:\/\/ewl-lauf.de\/de\/wp-json\/wp\/v2\/pages\/18216\/revisions"}],"predecessor-version":[{"id":19615,"href":"https:\/\/ewl-lauf.de\/de\/wp-json\/wp\/v2\/pages\/18216\/revisions\/19615"}],"wp:attachment":[{"href":"https:\/\/ewl-lauf.de\/de\/wp-json\/wp\/v2\/media?parent=18216"}],"curies":[{"name":"wp","href":"https:\/\/api.w.org\/{rel}","templated":true}]}}