{"id":18317,"date":"2024-03-08T12:36:41","date_gmt":"2024-03-08T11:36:41","guid":{"rendered":"https:\/\/ewl-lauf.de\/de\/?page_id=18317"},"modified":"2025-10-08T10:46:36","modified_gmt":"2025-10-08T08:46:36","slug":"geschichte-des-ladens","status":"publish","type":"page","link":"https:\/\/ewl-lauf.de\/de\/geschichte-des-ladens\/","title":{"rendered":"Geschichte des Ladens"},"content":{"rendered":"<p>[et_pb_section fb_built=&#8220;1&#8243; admin_label=&#8220;Call to Action&#8220; _builder_version=&#8220;4.24.2&#8243; _module_preset=&#8220;default&#8220; background_color=&#8220;RGBA(255,255,255,0)&#8220; background_enable_image=&#8220;off&#8220; parallax=&#8220;on&#8220; custom_margin=&#8220;||||false|false&#8220; custom_padding=&#8220;0px||130px||false|false&#8220; top_divider_style=&#8220;wave2&#8243; top_divider_color=&#8220;#CE622F&#8220; bottom_divider_style=&#8220;wave&#8220; bottom_divider_color=&#8220;#2A2F31&#8243; bottom_divider_arrangement=&#8220;above_content&#8220; collapsed=&#8220;off&#8220; global_colors_info=&#8220;{}&#8220;][et_pb_row use_custom_gutter=&#8220;on&#8220; gutter_width=&#8220;1&#8243; make_equal=&#8220;on&#8220; _builder_version=&#8220;4.24.2&#8243; _module_preset=&#8220;default&#8220; custom_padding=&#8220;0px||0px||true|false&#8220; box_shadow_style=&#8220;preset4&#8243; box_shadow_horizontal=&#8220;-30vw&#8220; box_shadow_vertical=&#8220;0px&#8220; box_shadow_color=&#8220;RGBA(255,255,255,0)&#8220; global_colors_info=&#8220;{}&#8220;][et_pb_column type=&#8220;4_4&#8243; _builder_version=&#8220;4.24.2&#8243; _module_preset=&#8220;default&#8220; background_color=&#8220;RGBA(255,255,255,0)&#8220; custom_padding=&#8220;6vw|6vw|||false|false&#8220; custom_padding_tablet=&#8220;6vw|6vw|||false|false&#8220; custom_padding_phone=&#8220;16vw||||false|false&#8220; custom_padding_last_edited=&#8220;on|desktop&#8220; global_colors_info=&#8220;{}&#8220;][et_pb_post_title meta=&#8220;off&#8220; featured_image=&#8220;off&#8220; _builder_version=&#8220;4.24.2&#8243; _module_preset=&#8220;default&#8220; title_level=&#8220;h2&#8243; title_font=&#8220;|600||on|||||&#8220; title_font_size=&#8220;40px&#8220; title_line_height=&#8220;1.2em&#8220; custom_padding=&#8220;||10px||false|false&#8220; title_font_size_tablet=&#8220;30px&#8220; title_font_size_phone=&#8220;28px&#8220; title_font_size_last_edited=&#8220;on|phone&#8220; global_colors_info=&#8220;{}&#8220;][\/et_pb_post_title][\/et_pb_column][\/et_pb_row][et_pb_row column_structure=&#8220;3_5,2_5&#8243; use_custom_gutter=&#8220;on&#8220; gutter_width=&#8220;1&#8243; make_equal=&#8220;on&#8220; _builder_version=&#8220;4.24.2&#8243; _module_preset=&#8220;default&#8220; custom_padding=&#8220;0px||0px||true|false&#8220; box_shadow_style=&#8220;preset4&#8243; box_shadow_horizontal=&#8220;-30vw&#8220; box_shadow_vertical=&#8220;0px&#8220; box_shadow_color=&#8220;RGBA(255,255,255,0)&#8220; global_colors_info=&#8220;{}&#8220;][et_pb_column type=&#8220;3_5&#8243; _builder_version=&#8220;4.24.2&#8243; _module_preset=&#8220;default&#8220; background_color=&#8220;RGBA(255,255,255,0)&#8220; custom_padding=&#8220;||||false|false&#8220; global_colors_info=&#8220;{}&#8220;][et_pb_text _builder_version=&#8220;4.24.2&#8243; _module_preset=&#8220;eeafbefa-8264-4fcb-a323-6098822ed8d0&#8243; text_font=&#8220;||||||||&#8220; text_text_color=&#8220;gcid-a9d8e14e-2f78-408a-a83c-506939196b52&#8243; link_text_color=&#8220;#CE622F&#8220; width=&#8220;100%&#8220; custom_margin=&#8220;||30px||false|false&#8220; custom_padding=&#8220;|30px|||false|false&#8220; global_colors_info=&#8220;{%22gcid-a9d8e14e-2f78-408a-a83c-506939196b52%22:%91%22text_text_color%22%93}&#8220;]<\/p>\n<p style=\"text-align: justify;\">Im April 1991 begann eine kleine Zahl Ehrenamtlicher der evangelisch-lutherischen Kirchengemeinde Lauf mit dem Verkauf von Lebensmitteln aus der damals so genannten Dritten Welt auf dem Laufer Wochenmarkt. Im Oktober des darauffolgenden Jahres \u00f6ffnete das Eine-Welt-L\u00e4dla in einem umgebauten Schuppen am Kirchenplatz seine Pforten. Mit dem Umzug auf den Markplatz im Jahr 2006 und vier Jahre sp\u00e4ter an den jetzigen Standort in der Spitalstra\u00dfe ist daraus ein richtiger Laden geworden, mit einem umfangreichen Angebot von fair gehandelten Lebensmitteln und Kunsthandwerk. Im Juni 2013 erfolgte die Gr\u00fcndung eines rechtlich selbst\u00e4ndigen, gemeinn\u00fctzigen Vereins \u2013 dem Eine-Welt-Laden Lauf e.V. \u2013 der aber \u00fcber seine <a href=\"https:\/\/ewl-lauf.de\/de\/vereinssatzung\/\">Satzung<\/a> immer noch mit der Kirchengemeinde verbunden ist. Steuerlich beg\u00fcnstigte Ziele des Vereins sind die F\u00f6rderung der Entwicklungszusammenarbeit und des V\u00f6lkerverst\u00e4ndigungsgedankens. Zur Erreichung dieser Ziele f\u00fchrt der Verein \u2013 wie auch schon die kirchliche Aktionsgruppe in den Jahren davor \u2013 immer wieder auch Bildungsaktivit\u00e4ten durch, mit denen auf die Belange der L\u00e4nder des Globalen S\u00fcdens aufmerksam gemacht wird, und f\u00f6rdert finanziell Projekte in diesen L\u00e4ndern. So wird seit Jahren monatlich eine Schule im Hochland von Guatemala durch die \u00dcbernahme von drei Schulpatenschaften unterst\u00fctzt.<\/p>\n<p>[\/et_pb_text][et_pb_text _builder_version=&#8220;4.25.1&#8243; _module_preset=&#8220;eeafbefa-8264-4fcb-a323-6098822ed8d0&#8243; text_font=&#8220;||||||||&#8220; text_text_color=&#8220;gcid-a9d8e14e-2f78-408a-a83c-506939196b52&#8243; width=&#8220;100%&#8220; custom_margin=&#8220;||30px||false|false&#8220; custom_padding=&#8220;|30px|||false|false&#8220; global_colors_info=&#8220;{%22gcid-a9d8e14e-2f78-408a-a83c-506939196b52%22:%91%22text_text_color%22%93}&#8220;]<\/p>\n<p><strong>Der Vereinsvorstand besteht aktuell aus folgenden Personen:<\/strong><\/p>\n<ul>\n<li>Heinrich Sch\u00e4chtele, 1. Vorsitzender<\/li>\n<li>Barbara Hemmer, 2. Vorsitzende<\/li>\n<li>Roland B\u00fcttner, Kassierer<\/li>\n<li>Pfarrerin Lisa Nikol-Eryazici, Delegierte des Kirchenvorstands<\/li>\n<li>Sybille Lau, Beisitzerin<\/li>\n<\/ul>\n<p>[\/et_pb_text][et_pb_cta title=&#8220;Der Verein freut sich immer \u00fcber neue Mitglieder&#8220; _builder_version=&#8220;4.24.2&#8243; _module_preset=&#8220;default&#8220; header_font=&#8220;|600|||||||&#8220; header_text_color=&#8220;#CE622F&#8220; body_text_color=&#8220;#2A2F31&#8243; body_font_size=&#8220;16px&#8220; body_link_text_color=&#8220;#CE622F&#8220; body_link_font_size=&#8220;16px&#8220; body_link_line_height=&#8220;1.2em&#8220; background_color=&#8220;gcid-ebfb0fb9-8b54-4147-9315-640f1743e9f7&#8243; custom_margin=&#8220;|30px|||false|false&#8220; custom_margin_tablet=&#8220;|0px|30px||false|false&#8220; custom_margin_phone=&#8220;|0px|30px||false|false&#8220; custom_margin_last_edited=&#8220;on|desktop&#8220; custom_padding=&#8220;10px|20px|10px|20px|true|true&#8220; border_width_all=&#8220;2px&#8220; border_color_all=&#8220;#2A2F31&#8243; box_shadow_style=&#8220;preset1&#8243; global_colors_info=&#8220;{%22gcid-ebfb0fb9-8b54-4147-9315-640f1743e9f7%22:%91%22background_color%22%93}&#8220;]<\/p>\n<p>Ein Formular f\u00fcr die <a href=\"https:\/\/ewl-lauf.de\/de\/beitrittserklaerung\/\">Beitrittserkl\u00e4rung<\/a> und die dazu geh\u00f6rende <a href=\"https:\/\/ewl-lauf.de\/de\/wp-content\/uploads\/2024\/03\/Datenschutzerklaerung_V1.pdf\" target=\"_blank\" rel=\"noopener\">Datenschutzerkl\u00e4rung<\/a> k\u00f6nnen heruntergeladen werden.<\/p>\n<p>[\/et_pb_cta][\/et_pb_column][et_pb_column type=&#8220;2_5&#8243; _builder_version=&#8220;4.24.2&#8243; _module_preset=&#8220;default&#8220; background_color=&#8220;RGBA(255,255,255,0)&#8220; custom_padding=&#8220;||||false|false&#8220; global_colors_info=&#8220;{}&#8220;][et_pb_image src=&#8220;https:\/\/ewl-lauf.de\/de\/wp-content\/uploads\/2024\/03\/Mobiler_Marktstand_web.jpg&#8220; title_text=&#8220;Mobiler_Marktstand_web&#8220; show_in_lightbox=&#8220;on&#8220; _builder_version=&#8220;4.24.2&#8243; _module_preset=&#8220;default&#8220; border_width_all=&#8220;5px&#8220; border_color_all=&#8220;#FFFFFF&#8220; global_colors_info=&#8220;{}&#8220;][\/et_pb_image][et_pb_image src=&#8220;https:\/\/ewl-lauf.de\/de\/wp-content\/uploads\/2024\/03\/Laden_am_Marktplatz_web.jpg&#8220; title_text=&#8220;Laden_am_Marktplatz_web&#8220; show_in_lightbox=&#8220;on&#8220; _builder_version=&#8220;4.24.2&#8243; _module_preset=&#8220;default&#8220; border_width_all=&#8220;5px&#8220; border_color_all=&#8220;#FFFFFF&#8220; global_colors_info=&#8220;{}&#8220;][\/et_pb_image][et_pb_image src=&#8220;https:\/\/ewl-lauf.de\/de\/wp-content\/uploads\/2024\/03\/Spitalstrasse_10_web.jpg&#8220; title_text=&#8220;Spitalstrasse_10_web&#8220; show_in_lightbox=&#8220;on&#8220; _builder_version=&#8220;4.24.2&#8243; _module_preset=&#8220;default&#8220; border_width_all=&#8220;5px&#8220; border_color_all=&#8220;#FFFFFF&#8220; global_colors_info=&#8220;{}&#8220;][\/et_pb_image][\/et_pb_column][\/et_pb_row][\/et_pb_section]<\/p>\n","protected":false},"excerpt":{"rendered":"<p>Im April 1991 begann eine kleine Zahl Ehrenamtlicher der evangelisch-lutherischen Kirchengemeinde Lauf mit dem Verkauf von Lebensmitteln aus der damals so genannten Dritten Welt auf dem Laufer Wochenmarkt. Im Oktober des darauffolgenden Jahres \u00f6ffnete das Eine-Welt-L\u00e4dla in einem umgebauten Schuppen am Kirchenplatz seine Pforten. Mit dem Umzug auf den Markplatz im Jahr 2006 und vier Jahre sp\u00e4ter an den jetzigen Standort in der Spitalstra\u00dfe ist daraus ein richtiger Laden geworden, mit einem umfangreichen Angebot von fair gehandelten Lebensmitteln und Kunsthandwerk. Im Juni 2013 erfolgte die Gr\u00fcndung eines rechtlich selbst\u00e4ndigen, gemeinn\u00fctzigen Vereins \u2013 dem Eine-Welt-Laden Lauf e.V. \u2013 der aber \u00fcber seine Satzung immer noch mit der Kirchengemeinde verbunden ist. Steuerlich beg\u00fcnstigte Ziele des Vereins sind die F\u00f6rderung der Entwicklungszusammenarbeit und des V\u00f6lkerverst\u00e4ndigungsgedankens. Zur Erreichung dieser Ziele f\u00fchrt der Verein \u2013 wie auch schon die kirchliche Aktionsgruppe in den Jahren davor \u2013 immer wieder auch Bildungsaktivit\u00e4ten durch, mit denen auf die Belange der L\u00e4nder des Globalen S\u00fcdens aufmerksam gemacht wird, und f\u00f6rdert finanziell Projekte in diesen L\u00e4ndern. So wird seit Jahren monatlich eine Schule im Hochland von Guatemala durch die \u00dcbernahme von drei Schulpatenschaften unterst\u00fctzt.Der Vereinsvorstand besteht aktuell aus folgenden Personen: Heinrich Sch\u00e4chtele, 1. Vorsitzender Barbara Hemmer, 2. Vorsitzende Roland B\u00fcttner, [&hellip;]<\/p>\n","protected":false},"author":1,"featured_media":0,"parent":0,"menu_order":0,"comment_status":"closed","ping_status":"closed","template":"","meta":{"_et_pb_use_builder":"on","_et_pb_old_content":"","_et_gb_content_width":"","footnotes":""},"class_list":["post-18317","page","type-page","status-publish","hentry"],"_links":{"self":[{"href":"https:\/\/ewl-lauf.de\/de\/wp-json\/wp\/v2\/pages\/18317","targetHints":{"allow":["GET"]}}],"collection":[{"href":"https:\/\/ewl-lauf.de\/de\/wp-json\/wp\/v2\/pages"}],"about":[{"href":"https:\/\/ewl-lauf.de\/de\/wp-json\/wp\/v2\/types\/page"}],"author":[{"embeddable":true,"href":"https:\/\/ewl-lauf.de\/de\/wp-json\/wp\/v2\/users\/1"}],"replies":[{"embeddable":true,"href":"https:\/\/ewl-lauf.de\/de\/wp-json\/wp\/v2\/comments?post=18317"}],"version-history":[{"count":10,"href":"https:\/\/ewl-lauf.de\/de\/wp-json\/wp\/v2\/pages\/18317\/revisions"}],"predecessor-version":[{"id":19612,"href":"https:\/\/ewl-lauf.de\/de\/wp-json\/wp\/v2\/pages\/18317\/revisions\/19612"}],"wp:attachment":[{"href":"https:\/\/ewl-lauf.de\/de\/wp-json\/wp\/v2\/media?parent=18317"}],"curies":[{"name":"wp","href":"https:\/\/api.w.org\/{rel}","templated":true}]}}