{"id":18349,"date":"2024-04-04T11:51:35","date_gmt":"2024-04-04T09:51:35","guid":{"rendered":"https:\/\/ewl-lauf.de\/de\/?page_id=18349"},"modified":"2024-05-13T13:20:07","modified_gmt":"2024-05-13T11:20:07","slug":"spenden","status":"publish","type":"page","link":"https:\/\/ewl-lauf.de\/de\/spenden\/","title":{"rendered":"Spenden"},"content":{"rendered":"<p>[et_pb_section fb_built=&#8220;1&#8243; admin_label=&#8220;Call to Action&#8220; _builder_version=&#8220;4.24.2&#8243; _module_preset=&#8220;default&#8220; background_color=&#8220;RGBA(255,255,255,0)&#8220; background_enable_image=&#8220;off&#8220; parallax=&#8220;on&#8220; custom_margin=&#8220;||||false|false&#8220; custom_padding=&#8220;0px||130px||false|false&#8220; top_divider_style=&#8220;wave2&#8243; top_divider_color=&#8220;#CE622F&#8220; bottom_divider_style=&#8220;wave&#8220; bottom_divider_color=&#8220;#2A2F31&#8243; bottom_divider_arrangement=&#8220;above_content&#8220; collapsed=&#8220;off&#8220; global_colors_info=&#8220;{}&#8220;][et_pb_row use_custom_gutter=&#8220;on&#8220; gutter_width=&#8220;1&#8243; make_equal=&#8220;on&#8220; _builder_version=&#8220;4.24.2&#8243; _module_preset=&#8220;default&#8220; custom_padding=&#8220;0px||0px||true|false&#8220; box_shadow_style=&#8220;preset4&#8243; box_shadow_horizontal=&#8220;-30vw&#8220; box_shadow_vertical=&#8220;0px&#8220; box_shadow_color=&#8220;RGBA(255,255,255,0)&#8220; global_colors_info=&#8220;{}&#8220;][et_pb_column type=&#8220;4_4&#8243; _builder_version=&#8220;4.24.2&#8243; _module_preset=&#8220;default&#8220; background_color=&#8220;RGBA(255,255,255,0)&#8220; custom_padding=&#8220;6vw|6vw|||false|false&#8220; custom_padding_tablet=&#8220;6vw|6vw|||false|false&#8220; custom_padding_phone=&#8220;16vw||||false|false&#8220; custom_padding_last_edited=&#8220;on|desktop&#8220; global_colors_info=&#8220;{}&#8220;][et_pb_post_title meta=&#8220;off&#8220; featured_image=&#8220;off&#8220; _builder_version=&#8220;4.24.2&#8243; _module_preset=&#8220;default&#8220; title_level=&#8220;h2&#8243; title_font=&#8220;|600||on|||||&#8220; title_font_size=&#8220;40px&#8220; title_line_height=&#8220;1.2em&#8220; custom_padding=&#8220;||10px||false|false&#8220; title_font_size_tablet=&#8220;30px&#8220; title_font_size_phone=&#8220;28px&#8220; title_font_size_last_edited=&#8220;on|phone&#8220; global_colors_info=&#8220;{}&#8220;][\/et_pb_post_title][\/et_pb_column][\/et_pb_row][et_pb_row column_structure=&#8220;3_5,2_5&#8243; use_custom_gutter=&#8220;on&#8220; gutter_width=&#8220;1&#8243; make_equal=&#8220;on&#8220; _builder_version=&#8220;4.24.2&#8243; _module_preset=&#8220;default&#8220; custom_padding=&#8220;0px||0px||true|false&#8220; box_shadow_style=&#8220;preset4&#8243; box_shadow_horizontal=&#8220;-30vw&#8220; box_shadow_vertical=&#8220;0px&#8220; box_shadow_color=&#8220;RGBA(255,255,255,0)&#8220; global_colors_info=&#8220;{}&#8220;][et_pb_column type=&#8220;3_5&#8243; _builder_version=&#8220;4.24.2&#8243; _module_preset=&#8220;default&#8220; background_color=&#8220;RGBA(255,255,255,0)&#8220; custom_padding=&#8220;||||false|false&#8220; global_colors_info=&#8220;{}&#8220;][et_pb_text _builder_version=&#8220;4.24.2&#8243; _module_preset=&#8220;eeafbefa-8264-4fcb-a323-6098822ed8d0&#8243; text_font=&#8220;||||||||&#8220; text_text_color=&#8220;gcid-a9d8e14e-2f78-408a-a83c-506939196b52&#8243; link_text_color=&#8220;#CE622F&#8220; width=&#8220;100%&#8220; custom_margin=&#8220;||30px||false|false&#8220; custom_padding=&#8220;|30px|||false|false&#8220; global_colors_info=&#8220;{%22gcid-a9d8e14e-2f78-408a-a83c-506939196b52%22:%91%22text_text_color%22%93}&#8220;]<\/p>\n<p>Gerne nehmen wir auch Spenden f\u00fcr unserer Arbeit entgegen. Vom Finanzamt N\u00fcrnberg-Zentral ist der Verein Eine-Welt-Laden Lauf e.V. als gemeinn\u00fctzig anerkannt.<\/p>\n<p>Die steuerbeg\u00fcnstigten Zwecke nach \u00a7 52 der Abgabenordnung (AO) sind<\/p>\n<ul>\n<li>die F\u00f6rderung der Entwicklungszusammenarbeit und<\/li>\n<li>die F\u00f6rderung internationaler Gesinnung, der Toleranz auf allen Gebieten der Kultur und des V\u00f6lkerverst\u00e4ndigungsgedankens<\/li>\n<\/ul>\n<p>Das hei\u00dft, dass wir f\u00fcr Spenden an den Verein Zuwendungsbest\u00e4tigungen, umgangssprachlich auch Spendenquittung oder Spendenbescheinigungen genannt, ausstellen d\u00fcrfen. Bei Spenden bis zu 300 Euro reicht dem Finanzamt in der Regel auch eine \u00dcberweisungsbest\u00e4tigung oder ein Kontoauszug.<\/p>\n<p>[\/et_pb_text][et_pb_divider color=&#8220;#CE622F&#8220; divider_position=&#8220;center&#8220; _builder_version=&#8220;4.24.2&#8243; _module_preset=&#8220;default&#8220; width=&#8220;90%&#8220; global_colors_info=&#8220;{}&#8220;][\/et_pb_divider][et_pb_text _builder_version=&#8220;4.24.2&#8243; _module_preset=&#8220;eeafbefa-8264-4fcb-a323-6098822ed8d0&#8243; text_font=&#8220;||||||||&#8220; text_text_color=&#8220;gcid-a9d8e14e-2f78-408a-a83c-506939196b52&#8243; link_text_color=&#8220;#CE622F&#8220; width=&#8220;100%&#8220; custom_margin=&#8220;||30px||false|false&#8220; custom_padding=&#8220;|30px|||false|false&#8220; global_colors_info=&#8220;{%22gcid-a9d8e14e-2f78-408a-a83c-506939196b52%22:%91%22text_text_color%22%93}&#8220;]<\/p>\n<p><strong>Unser Spendenkonto bei der Sparkasse N\u00fcrnberg (BIC SSKNDE77XXX) hat die IBAN:<\/strong><\/p>\n<p>[\/et_pb_text][et_pb_cta title=&#8220;DE63 7605 0101 0011 9680 21&#8243; _builder_version=&#8220;4.24.2&#8243; _module_preset=&#8220;default&#8220; header_font=&#8220;|600|||||||&#8220; header_text_color=&#8220;#CE622F&#8220; body_font=&#8220;|600|||||||&#8220; body_text_color=&#8220;#2A2F31&#8243; body_font_size=&#8220;18px&#8220; body_link_text_color=&#8220;#CE622F&#8220; body_link_font_size=&#8220;16px&#8220; body_link_line_height=&#8220;1.2em&#8220; background_color=&#8220;gcid-ebfb0fb9-8b54-4147-9315-640f1743e9f7&#8243; custom_margin=&#8220;|30px|||false|false&#8220; custom_margin_tablet=&#8220;|0px|30px||false|false&#8220; custom_margin_phone=&#8220;|0px|30px||false|false&#8220; custom_margin_last_edited=&#8220;on|desktop&#8220; custom_padding=&#8220;10px|20px|10px|20px|true|true&#8220; border_width_all=&#8220;2px&#8220; border_color_all=&#8220;#2A2F31&#8243; box_shadow_style=&#8220;preset1&#8243; global_colors_info=&#8220;{%22gcid-ebfb0fb9-8b54-4147-9315-640f1743e9f7%22:%91%22background_color%22%93}&#8220;]<\/p>\n<p>Allen Spenderinnen und Spendern ein herzliches Dankesch\u00f6n!<\/p>\n<p>[\/et_pb_cta][\/et_pb_column][et_pb_column type=&#8220;2_5&#8243; _builder_version=&#8220;4.24.2&#8243; _module_preset=&#8220;default&#8220; background_color=&#8220;RGBA(255,255,255,0)&#8220; custom_padding=&#8220;||||false|false&#8220; global_colors_info=&#8220;{}&#8220;][et_pb_image src=&#8220;https:\/\/ewl-lauf.de\/de\/wp-content\/uploads\/2024\/04\/danke_web.jpg&#8220; title_text=&#8220;Multiracial group of happy volunteers holding placard with &#8218;Thank you&#8216; message and looking at camera.&#8220; show_in_lightbox=&#8220;on&#8220; _builder_version=&#8220;4.24.2&#8243; _module_preset=&#8220;default&#8220; border_width_all=&#8220;5px&#8220; border_color_all=&#8220;#FFFFFF&#8220; global_colors_info=&#8220;{}&#8220;][\/et_pb_image][\/et_pb_column][\/et_pb_row][\/et_pb_section]<\/p>\n","protected":false},"excerpt":{"rendered":"<p>Gerne nehmen wir auch Spenden f\u00fcr unserer Arbeit entgegen. Vom Finanzamt N\u00fcrnberg-Zentral ist der Verein Eine-Welt-Laden Lauf e.V. als gemeinn\u00fctzig anerkannt. Die steuerbeg\u00fcnstigten Zwecke nach \u00a7 52 der Abgabenordnung (AO) sind die F\u00f6rderung der Entwicklungszusammenarbeit und die F\u00f6rderung internationaler Gesinnung, der Toleranz auf allen Gebieten der Kultur und des V\u00f6lkerverst\u00e4ndigungsgedankens Das hei\u00dft, dass wir f\u00fcr Spenden an den Verein Zuwendungsbest\u00e4tigungen, umgangssprachlich auch Spendenquittung oder Spendenbescheinigungen genannt, ausstellen d\u00fcrfen. Bei Spenden bis zu 300 Euro reicht dem Finanzamt in der Regel auch eine \u00dcberweisungsbest\u00e4tigung oder ein Kontoauszug.Unser Spendenkonto bei der Sparkasse N\u00fcrnberg (BIC SSKNDE77XXX) hat die IBAN:Allen Spenderinnen und Spendern ein herzliches Dankesch\u00f6n!<\/p>\n","protected":false},"author":1,"featured_media":0,"parent":0,"menu_order":0,"comment_status":"closed","ping_status":"closed","template":"","meta":{"_et_pb_use_builder":"on","_et_pb_old_content":"","_et_gb_content_width":"","footnotes":""},"class_list":["post-18349","page","type-page","status-publish","hentry"],"_links":{"self":[{"href":"https:\/\/ewl-lauf.de\/de\/wp-json\/wp\/v2\/pages\/18349","targetHints":{"allow":["GET"]}}],"collection":[{"href":"https:\/\/ewl-lauf.de\/de\/wp-json\/wp\/v2\/pages"}],"about":[{"href":"https:\/\/ewl-lauf.de\/de\/wp-json\/wp\/v2\/types\/page"}],"author":[{"embeddable":true,"href":"https:\/\/ewl-lauf.de\/de\/wp-json\/wp\/v2\/users\/1"}],"replies":[{"embeddable":true,"href":"https:\/\/ewl-lauf.de\/de\/wp-json\/wp\/v2\/comments?post=18349"}],"version-history":[{"count":6,"href":"https:\/\/ewl-lauf.de\/de\/wp-json\/wp\/v2\/pages\/18349\/revisions"}],"predecessor-version":[{"id":18521,"href":"https:\/\/ewl-lauf.de\/de\/wp-json\/wp\/v2\/pages\/18349\/revisions\/18521"}],"wp:attachment":[{"href":"https:\/\/ewl-lauf.de\/de\/wp-json\/wp\/v2\/media?parent=18349"}],"curies":[{"name":"wp","href":"https:\/\/api.w.org\/{rel}","templated":true}]}}