{"id":18411,"date":"2024-04-25T10:53:21","date_gmt":"2024-04-25T08:53:21","guid":{"rendered":"https:\/\/ewl-lauf.de\/de\/?page_id=18411"},"modified":"2025-11-14T13:47:36","modified_gmt":"2025-11-14T12:47:36","slug":"termine","status":"publish","type":"page","link":"https:\/\/ewl-lauf.de\/de\/termine\/","title":{"rendered":"Termine"},"content":{"rendered":"<p>[et_pb_section fb_built=&#8220;1&#8243; admin_label=&#8220;Call to Action&#8220; _builder_version=&#8220;4.24.2&#8243; _module_preset=&#8220;default&#8220; background_color=&#8220;RGBA(255,255,255,0)&#8220; background_enable_image=&#8220;off&#8220; parallax=&#8220;on&#8220; custom_margin=&#8220;||||false|false&#8220; custom_padding=&#8220;0px||130px||false|false&#8220; top_divider_style=&#8220;wave2&#8243; top_divider_color=&#8220;#CE622F&#8220; bottom_divider_style=&#8220;wave&#8220; bottom_divider_color=&#8220;#2A2F31&#8243; bottom_divider_arrangement=&#8220;above_content&#8220; collapsed=&#8220;off&#8220; global_colors_info=&#8220;{}&#8220;][et_pb_row use_custom_gutter=&#8220;on&#8220; gutter_width=&#8220;1&#8243; make_equal=&#8220;on&#8220; _builder_version=&#8220;4.24.2&#8243; _module_preset=&#8220;default&#8220; custom_padding=&#8220;0px||0px||true|false&#8220; box_shadow_style=&#8220;preset4&#8243; box_shadow_horizontal=&#8220;-30vw&#8220; box_shadow_vertical=&#8220;0px&#8220; box_shadow_color=&#8220;RGBA(255,255,255,0)&#8220; global_colors_info=&#8220;{}&#8220;][et_pb_column type=&#8220;4_4&#8243; _builder_version=&#8220;4.24.2&#8243; _module_preset=&#8220;default&#8220; background_color=&#8220;RGBA(255,255,255,0)&#8220; custom_padding=&#8220;6vw|6vw|||false|false&#8220; custom_padding_tablet=&#8220;6vw|6vw|||false|false&#8220; custom_padding_phone=&#8220;16vw||||false|false&#8220; custom_padding_last_edited=&#8220;on|desktop&#8220; global_colors_info=&#8220;{}&#8220;][et_pb_post_title meta=&#8220;off&#8220; featured_image=&#8220;off&#8220; _builder_version=&#8220;4.24.2&#8243; _module_preset=&#8220;default&#8220; title_level=&#8220;h2&#8243; title_font=&#8220;|600||on|||||&#8220; title_font_size=&#8220;40px&#8220; title_line_height=&#8220;1.2em&#8220; custom_padding=&#8220;||10px||false|false&#8220; title_font_size_tablet=&#8220;30px&#8220; title_font_size_phone=&#8220;28px&#8220; title_font_size_last_edited=&#8220;on|phone&#8220; global_colors_info=&#8220;{}&#8220;][\/et_pb_post_title][\/et_pb_column][\/et_pb_row][et_pb_row column_structure=&#8220;3_5,2_5&#8243; use_custom_gutter=&#8220;on&#8220; gutter_width=&#8220;1&#8243; make_equal=&#8220;on&#8220; _builder_version=&#8220;4.27.0&#8243; _module_preset=&#8220;default&#8220; custom_padding=&#8220;0px||0px||true|false&#8220; box_shadow_style=&#8220;preset4&#8243; box_shadow_horizontal=&#8220;-30vw&#8220; box_shadow_vertical=&#8220;0px&#8220; box_shadow_color=&#8220;RGBA(255,255,255,0)&#8220; global_colors_info=&#8220;{}&#8220;][et_pb_column type=&#8220;3_5&#8243; _builder_version=&#8220;4.27.0&#8243; _module_preset=&#8220;default&#8220; background_color=&#8220;RGBA(255,255,255,0)&#8220; custom_padding=&#8220;||||false|false&#8220; global_colors_info=&#8220;{}&#8220;][dsm_icon_list icon_color=&#8220;#CE622F&#8220; icon_gap_width=&#8220;1.5em&#8220; icon_font_size=&#8220;20px&#8220; list_vertical_alignment=&#8220;flex-start&#8220; list_space_between=&#8220;2px&#8220; _builder_version=&#8220;4.27.0&#8243; _module_preset=&#8220;default&#8220; text_font=&#8220;|600|||||||&#8220; text_font_size=&#8220;18px&#8220; custom_padding=&#8220;||||false|false&#8220; global_colors_info=&#8220;{}&#8220;][\/dsm_icon_list][dsm_icon_list icon_color=&#8220;#CE622F&#8220; icon_gap_width=&#8220;1.5em&#8220; icon_font_size=&#8220;20px&#8220; list_vertical_alignment=&#8220;flex-start&#8220; list_space_between=&#8220;2px&#8220; _builder_version=&#8220;4.27.0&#8243; _module_preset=&#8220;default&#8220; text_font=&#8220;|600|||||||&#8220; text_font_size=&#8220;16px&#8220; custom_padding=&#8220;||||false|false&#8220; global_colors_info=&#8220;{}&#8220;][dsm_icon_list_child text=&#8220;Neue Termine                                &#8220; font_icon=&#8220;&#xf073;||fa||900&#8243; _builder_version=&#8220;4.27.0&#8243; _module_preset=&#8220;default&#8220; text_font_size=&#8220;16px&#8220; global_colors_info=&#8220;{}&#8220;][\/dsm_icon_list_child][\/dsm_icon_list][et_pb_text _builder_version=&#8220;4.27.4&#8243; _module_preset=&#8220;default&#8220; text_font_size=&#8220;18px&#8220; global_colors_info=&#8220;{}&#8220;]<\/p>\n<p><strong><br \/><\/strong><strong>27. November &#8211; 24. Dezember 2025: <br \/>Verkauf auf dem Laufer Weihnachtsmarkt<br \/>(in der Bude Nr. 8, zusammen mit dem Kreativshop)<\/strong><\/p>\n<p><strong><\/strong><\/p>\n<p>&nbsp;<\/p>\n<p>&nbsp;<\/p>\n<p>&nbsp;<\/p>\n<p>[\/et_pb_text][\/et_pb_column][et_pb_column type=&#8220;2_5&#8243; _builder_version=&#8220;4.25.1&#8243; _module_preset=&#8220;default&#8220; background_color=&#8220;rgba(206,98,47,0.2)&#8220; custom_padding=&#8220;20px|20px|20px|20px|true|true&#8220; border_radii=&#8220;on|20px|20px|20px|20px&#8220; global_colors_info=&#8220;{}&#8220;][et_pb_text _builder_version=&#8220;4.27.4&#8243; _module_preset=&#8220;eeafbefa-8264-4fcb-a323-6098822ed8d0&#8243; text_font=&#8220;||||||||&#8220; text_text_color=&#8220;gcid-a9d8e14e-2f78-408a-a83c-506939196b52&#8243; link_text_color=&#8220;#CE622F&#8220; width=&#8220;100%&#8220; custom_margin=&#8220;||30px||false|false&#8220; custom_padding=&#8220;|30px|||false|false&#8220; global_colors_info=&#8220;{%22gcid-a9d8e14e-2f78-408a-a83c-506939196b52%22:%91%22text_text_color%22%93}&#8220;]<\/p>\n<h3><strong>Teamtreffen<\/strong><\/h3>\n<p>Unser Ladenteam trifft sich in der Regel immer am ersten Dienstag im Monat (au\u00dfer im August und Dezember) um 19.00 Uhr im Eine-Welt-Laden, Spitalstra\u00dfe 10. Da werden Informationen ausgetauscht und aktuelle Themen besprochen.<\/p>\n<p>[\/et_pb_text][et_pb_text disabled_on=&#8220;off|off|off&#8220; _builder_version=&#8220;4.25.1&#8243; _module_preset=&#8220;eeafbefa-8264-4fcb-a323-6098822ed8d0&#8243; text_font=&#8220;||||||||&#8220; text_text_color=&#8220;gcid-a9d8e14e-2f78-408a-a83c-506939196b52&#8243; link_text_color=&#8220;#CE622F&#8220; width=&#8220;100%&#8220; custom_margin=&#8220;||30px||false|false&#8220; custom_padding=&#8220;|30px|||false|false&#8220; global_colors_info=&#8220;{%22gcid-a9d8e14e-2f78-408a-a83c-506939196b52%22:%91%22text_text_color%22%93}&#8220;]<\/p>\n<p><span style=\"text-decoration: underline;\"><strong>Die n\u00e4chsten Termine:<\/strong><\/span><\/p>\n<p>[\/et_pb_text][et_pb_text _builder_version=&#8220;4.27.4&#8243; _module_preset=&#8220;default&#8220; custom_margin=&#8220;||16px||false|false&#8220; global_colors_info=&#8220;{}&#8220;]<\/p>\n<p><strong>13. Januar 2026<\/strong><\/p>\n<p><strong>3. Februar 2026<\/strong><\/p>\n<p><strong>3. M\u00e4rz 2026<\/strong><\/p>\n<p><strong>14. April 2026<\/strong><\/p>\n<p><strong>5. Mai 2026<\/strong><strong><\/strong><\/p>\n<p><strong>9. Juni 2026<\/strong><\/p>\n<p><strong>Juli 2026: Sommerfest (Einzelheiten werden noch festgelegt)<\/strong><\/p>\n<p><strong><\/strong><\/p>\n<p>&nbsp;<\/p>\n<p>&nbsp;<\/p>\n<p>[\/et_pb_text][\/et_pb_column][\/et_pb_row][\/et_pb_section]<\/p>\n","protected":false},"excerpt":{"rendered":"<p><div class=\"et_pb_module dsm_icon_list dsm_icon_list_0\">\n\t\t\t\t\n\t\t\t\t\n\t\t\t\t\n\t\t\t\t\n\t\t\t\t\n\t\t\t\t\n\t\t\t\t<div class=\"et_pb_module_inner\">\n\t\t\t\t\t<ul class=\"dsm_icon_list_items dsm_icon_list_ltr_direction dsm_icon_list_layout_vertical\"><\/ul>\n\t\t\t\t<\/div>\n\t\t\t<\/div><div class=\"et_pb_module dsm_icon_list dsm_icon_list_1\">\n\t\t\t\t\n\t\t\t\t\n\t\t\t\t\n\t\t\t\t\n\t\t\t\t\n\t\t\t\t\n\t\t\t\t<div class=\"et_pb_module_inner\">\n\t\t\t\t\t<ul class=\"dsm_icon_list_items dsm_icon_list_ltr_direction dsm_icon_list_layout_vertical\"><li class=\"dsm_icon_list_child dsm_icon_list_child_0\">\n\t\t\t\t\n\t\t\t\t\n\t\t\t\t\n\t\t\t\t\n\t\t\t\t<span class=\"dsm_icon_list_wrapper\"><span class=\"dsm_icon_list_icon\">\uf073<\/span><\/span><span class=\"dsm_icon_list_text\">Neue Termine <\/span>\n\t\t\t<\/li><\/ul>\n\t\t\t\t<\/div>\n\t\t\t<\/div>27. November &#8211; 24. Dezember 2025: Verkauf auf dem Laufer Weihnachtsmarkt(in der Bude Nr. 8, zusammen mit dem Kreativshop) &nbsp; &nbsp; &nbsp;Teamtreffen Unser Ladenteam trifft sich in der Regel immer am ersten Dienstag im Monat (au\u00dfer im August und Dezember) um 19.00 Uhr im Eine-Welt-Laden, Spitalstra\u00dfe 10. Da werden Informationen ausgetauscht und aktuelle Themen besprochen.Die n\u00e4chsten Termine:13. Januar 2026 3. Februar 2026 3. M\u00e4rz 2026 14. April 2026 5. Mai 2026 9. Juni 2026 Juli 2026: Sommerfest (Einzelheiten werden noch festgelegt) &nbsp; &nbsp;<\/p>\n","protected":false},"author":1,"featured_media":0,"parent":0,"menu_order":0,"comment_status":"closed","ping_status":"closed","template":"","meta":{"_et_pb_use_builder":"on","_et_pb_old_content":"","_et_gb_content_width":"","footnotes":""},"class_list":["post-18411","page","type-page","status-publish","hentry"],"_links":{"self":[{"href":"https:\/\/ewl-lauf.de\/de\/wp-json\/wp\/v2\/pages\/18411","targetHints":{"allow":["GET"]}}],"collection":[{"href":"https:\/\/ewl-lauf.de\/de\/wp-json\/wp\/v2\/pages"}],"about":[{"href":"https:\/\/ewl-lauf.de\/de\/wp-json\/wp\/v2\/types\/page"}],"author":[{"embeddable":true,"href":"https:\/\/ewl-lauf.de\/de\/wp-json\/wp\/v2\/users\/1"}],"replies":[{"embeddable":true,"href":"https:\/\/ewl-lauf.de\/de\/wp-json\/wp\/v2\/comments?post=18411"}],"version-history":[{"count":36,"href":"https:\/\/ewl-lauf.de\/de\/wp-json\/wp\/v2\/pages\/18411\/revisions"}],"predecessor-version":[{"id":19646,"href":"https:\/\/ewl-lauf.de\/de\/wp-json\/wp\/v2\/pages\/18411\/revisions\/19646"}],"wp:attachment":[{"href":"https:\/\/ewl-lauf.de\/de\/wp-json\/wp\/v2\/media?parent=18411"}],"curies":[{"name":"wp","href":"https:\/\/api.w.org\/{rel}","templated":true}]}}