{"id":18419,"date":"2024-04-25T11:08:27","date_gmt":"2024-04-25T09:08:27","guid":{"rendered":"https:\/\/ewl-lauf.de\/de\/?page_id=18419"},"modified":"2025-11-20T08:04:17","modified_gmt":"2025-11-20T07:04:17","slug":"neue-produkte","status":"publish","type":"page","link":"https:\/\/ewl-lauf.de\/de\/neue-produkte\/","title":{"rendered":"Neue Produkte"},"content":{"rendered":"<p>[et_pb_section fb_built=&#8220;1&#8243; admin_label=&#8220;Call to Action&#8220; _builder_version=&#8220;4.24.2&#8243; _module_preset=&#8220;default&#8220; background_color=&#8220;RGBA(255,255,255,0)&#8220; background_enable_image=&#8220;off&#8220; parallax=&#8220;on&#8220; custom_margin=&#8220;||||false|false&#8220; custom_padding=&#8220;0px||130px||false|false&#8220; top_divider_style=&#8220;wave2&#8243; top_divider_color=&#8220;#CE622F&#8220; bottom_divider_style=&#8220;wave&#8220; bottom_divider_color=&#8220;#2A2F31&#8243; bottom_divider_arrangement=&#8220;above_content&#8220; collapsed=&#8220;off&#8220; global_colors_info=&#8220;{}&#8220;][et_pb_row use_custom_gutter=&#8220;on&#8220; gutter_width=&#8220;1&#8243; make_equal=&#8220;on&#8220; _builder_version=&#8220;4.24.2&#8243; _module_preset=&#8220;default&#8220; custom_padding=&#8220;0px||0px||true|false&#8220; box_shadow_style=&#8220;preset4&#8243; box_shadow_horizontal=&#8220;-30vw&#8220; box_shadow_vertical=&#8220;0px&#8220; box_shadow_color=&#8220;RGBA(255,255,255,0)&#8220; global_colors_info=&#8220;{}&#8220;][et_pb_column type=&#8220;4_4&#8243; _builder_version=&#8220;4.24.2&#8243; _module_preset=&#8220;default&#8220; background_color=&#8220;RGBA(255,255,255,0)&#8220; custom_padding=&#8220;6vw|6vw|||false|false&#8220; custom_padding_tablet=&#8220;6vw|6vw|||false|false&#8220; custom_padding_phone=&#8220;16vw||||false|false&#8220; custom_padding_last_edited=&#8220;on|desktop&#8220; global_colors_info=&#8220;{}&#8220;][et_pb_post_title meta=&#8220;off&#8220; featured_image=&#8220;off&#8220; _builder_version=&#8220;4.24.2&#8243; _module_preset=&#8220;default&#8220; title_level=&#8220;h2&#8243; title_font=&#8220;|600||on|||||&#8220; title_font_size=&#8220;40px&#8220; title_line_height=&#8220;1.2em&#8220; custom_padding=&#8220;||10px||false|false&#8220; title_font_size_tablet=&#8220;30px&#8220; title_font_size_phone=&#8220;28px&#8220; title_font_size_last_edited=&#8220;on|phone&#8220; global_colors_info=&#8220;{}&#8220;][\/et_pb_post_title][\/et_pb_column][\/et_pb_row][et_pb_row column_structure=&#8220;1_2,1_2&#8243; use_custom_gutter=&#8220;on&#8220; gutter_width=&#8220;1&#8243; make_equal=&#8220;on&#8220; _builder_version=&#8220;4.27.0&#8243; _module_preset=&#8220;default&#8220; background_color=&#8220;RGBA(255,255,255,0)&#8220; custom_margin=&#8220;40px|auto||auto|false|false&#8220; custom_padding=&#8220;0px||0px||true|false&#8220; border_radii=&#8220;on|50px|50px|50px|50px&#8220; border_width_all=&#8220;2px&#8220; border_color_all=&#8220;#CE622F&#8220; box_shadow_style=&#8220;preset4&#8243; box_shadow_horizontal=&#8220;-30vw&#8220; box_shadow_vertical=&#8220;0px&#8220; box_shadow_color=&#8220;RGBA(255,255,255,0)&#8220; global_colors_info=&#8220;{}&#8220;][et_pb_column type=&#8220;1_2&#8243; _builder_version=&#8220;4.27.0&#8243; _module_preset=&#8220;default&#8220; background_color=&#8220;#FFFFFF&#8220; background_image=&#8220;https:\/\/ewl-lauf.de\/de\/wp-content\/uploads\/2024\/12\/20241214_145418-scaled.jpg&#8220; background_blend=&#8220;lighten&#8220; custom_padding=&#8220;||||false|false&#8220; global_colors_info=&#8220;{}&#8220;][dsm_dual_heading before_text=&#8220; &#8220; middle_text=&#8220;Bio-Oliven\u00f6l&#8220; after_text=&#8220;extra vergine&#8220; after_background_color=&#8220;RGBA(255,255,255,0)&#8220; _builder_version=&#8220;4.27.4&#8243; _module_preset=&#8220;default&#8220; header_font=&#8220;||||||||&#8220; before_font=&#8220;||||||||&#8220; before_text_color=&#8220;#2A2F31&#8243; middle_font=&#8220;|600||on|||||&#8220; middle_text_color=&#8220;#EBB224&#8243; middle_font_size=&#8220;16px&#8220; after_font=&#8220;|600|on||||||&#8220; after_text_color=&#8220;#CE622F&#8220; after_font_size=&#8220;16px&#8220; background_color=&#8220;#2A2F31&#8243; width=&#8220;100%&#8220; min_height=&#8220;74.1px&#8220; custom_margin=&#8220;|31px|0px|||&#8220; custom_padding=&#8220;20px|20px|16px|20px|false|false&#8220; hover_enabled=&#8220;0&#8243; global_colors_info=&#8220;{}&#8220; sticky_enabled=&#8220;0&#8243;][\/dsm_dual_heading][et_pb_blurb _builder_version=&#8220;4.27.4&#8243; _module_preset=&#8220;default&#8220; background_color=&#8220;#FFFFFF&#8220; custom_padding=&#8220;||12px|||&#8220; hover_enabled=&#8220;0&#8243; global_colors_info=&#8220;{}&#8220; sticky_enabled=&#8220;0&#8243;]<\/p>\n<p><strong>Mafiafreies Oliven\u00f6l- so sieht Zukunft aus<\/strong><\/p>\n<p>In vielen Regionen Italiens, besonders im S\u00fcden, kontrollieren mafi\u00f6se Organisationen seit Jahrzehnten Landwirtschaft und Lebensmittelproduktion. Sie nutzen Zwangsarbeit, Ausbeutung von Migrant*innen und illegale Handelsstrukturen. Die Mafia investiert viel Geld in legale Produkte wie Oliven\u00f6l, Wein oder Tomatenerzeugnisse, um Geld zu waschen.<\/p>\n<p>Beschlagnahmte Mafia-L\u00e4ndereien werden an Sozialkooperativen vergeben, die auf biologischen Anbau, Umweltschutz und regionale Kreisl\u00e4ufe setzen.<\/p>\n<p>Unter der Marke &#8222;Libera Terra&#8220;, gegr\u00fcndet. 2001 von dem katholischen Priester Don Luigi Ciotto, vermarkten diese Sozialkooperativen ihre Produkte, um vor allem arbeitslosen Jugendlichen eine legale Perspektive zu erm\u00f6glichen. Wenn Sie Produkte kaufen, die mafiafrei zertifiziert sind, unterst\u00fctzen Sie legale Arbeit faire L\u00f6hne und sichere Arbeitsbedingungen.<\/p>\n<p><strong>Mit diesem Oliven\u00f6l<\/strong><\/p>\n<p><strong>Unterst\u00fctzen Sie faire und legale Arbeitsbedingungen<\/strong><\/p>\n<p><strong>Sch\u00fctzen Sie Umwelt und Natur<\/strong><\/p>\n<p><strong>Setzen Sie ein Zeichen f\u00fcr Gerechtigkeit<\/strong><\/p>\n<p><strong>Erhalten Sie ein hochwertiges, ehrliches, biologisch erzeugtes Oliven\u00f6l<\/strong><\/p>\n<p>&nbsp;<\/p>\n<p>[\/et_pb_blurb][\/et_pb_column][et_pb_column type=&#8220;1_2&#8243; _builder_version=&#8220;4.27.0&#8243; _module_preset=&#8220;default&#8220; background_color=&#8220;#FFFFFF&#8220; background_image=&#8220;https:\/\/ewl-lauf.de\/de\/wp-content\/uploads\/2024\/12\/20241214_145418-scaled.jpg&#8220; background_blend=&#8220;lighten&#8220; custom_padding=&#8220;||||false|false&#8220; global_colors_info=&#8220;{}&#8220;][et_pb_image src=&#8220;https:\/\/ewl-lauf.de\/de\/wp-content\/uploads\/2025\/11\/20251108_115218-scaled.jpg&#8220; title_text=&#8220;20251108_115218&#8243; _builder_version=&#8220;4.27.4&#8243; _module_preset=&#8220;default&#8220; hover_enabled=&#8220;0&#8243; global_colors_info=&#8220;{}&#8220; sticky_enabled=&#8220;0&#8243;][\/et_pb_image][\/et_pb_column][\/et_pb_row][et_pb_row column_structure=&#8220;1_2,1_2&#8243; use_custom_gutter=&#8220;on&#8220; gutter_width=&#8220;1&#8243; make_equal=&#8220;on&#8220; _builder_version=&#8220;4.27.0&#8243; _module_preset=&#8220;default&#8220; background_color=&#8220;RGBA(255,255,255,0)&#8220; custom_margin=&#8220;40px|auto||auto|false|false&#8220; custom_padding=&#8220;0px||0px||true|false&#8220; border_radii=&#8220;on|50px|50px|50px|50px&#8220; border_width_all=&#8220;2px&#8220; border_color_all=&#8220;#CE622F&#8220; box_shadow_style=&#8220;preset4&#8243; box_shadow_horizontal=&#8220;-30vw&#8220; box_shadow_vertical=&#8220;0px&#8220; box_shadow_color=&#8220;RGBA(255,255,255,0)&#8220; global_colors_info=&#8220;{}&#8220;][et_pb_column type=&#8220;1_2&#8243; _builder_version=&#8220;4.27.0&#8243; _module_preset=&#8220;default&#8220; background_color=&#8220;#FFFFFF&#8220; background_image=&#8220;https:\/\/ewl-lauf.de\/de\/wp-content\/uploads\/2024\/12\/20241214_145418-scaled.jpg&#8220; background_blend=&#8220;lighten&#8220; custom_padding=&#8220;||||false|false&#8220; global_colors_info=&#8220;{}&#8220;][dsm_dual_heading before_text=&#8220; &#8220; middle_text=&#8220;Conflictfood&#8220; after_text=&#8220;Sozialer Wandel durch kulinarische K\u00f6stlichkeiten&#8220; after_background_color=&#8220;RGBA(255,255,255,0)&#8220; _builder_version=&#8220;4.27.4&#8243; _module_preset=&#8220;default&#8220; header_font=&#8220;||||||||&#8220; before_font=&#8220;||||||||&#8220; before_text_color=&#8220;#2A2F31&#8243; middle_font=&#8220;|600||on|||||&#8220; middle_text_color=&#8220;#EBB224&#8243; middle_font_size=&#8220;16px&#8220; after_font=&#8220;|600|on||||||&#8220; after_text_color=&#8220;#CE622F&#8220; after_font_size=&#8220;16px&#8220; background_color=&#8220;#2A2F31&#8243; width=&#8220;100%&#8220; min_height=&#8220;74.1px&#8220; custom_margin=&#8220;|31px|0px|||&#8220; custom_padding=&#8220;20px|20px|16px|20px|false|false&#8220; global_colors_info=&#8220;{}&#8220;][\/dsm_dual_heading][et_pb_blurb _builder_version=&#8220;4.27.4&#8243; _module_preset=&#8220;default&#8220; background_color=&#8220;#FFFFFF&#8220; custom_padding=&#8220;||12px|||&#8220; global_colors_info=&#8220;{}&#8220;]<\/p>\n<p style=\"text-align: justify;\">f&#8220;So schmeckt Frieden&#8220; &#8211; Genuss mit Haltung. Gernot W\u00fcrtemberger und Salem El-Mogaddedi haben Conflictfood gegr\u00fcndet. Warum Krisenregionen? Fairer Handel kann in Konfliktregionen eine stabilisierende Kraft sein. Er schafft wirtschaftliche Perspektiven, gibt Menschen Selbstbestimmung und unterst\u00fctzt den Frieden. (conflictfood text\/bild)<\/p>\n<p><a href=\"https:\/\/conflictfood.com\/pages\/about\">\u00dcber uns \u2013 Fairer Handel &amp; Genuss mit Haltung | Conflictfood<\/a><\/p>\n<p><a href=\"https:\/\/conflictfood.com\/collections\/palaestina\">Pal\u00e4stina \u2013 Landwirtschaft, Freekeh &amp; faire Perspektiven | Conflictfood<\/a><\/p>\n<p><a href=\"https:\/\/conflictfood.com\/collections\/afghanistan\">Afghanistan \u2013 Kultur, Wandel &amp; Safranhandel | Conflictfood<\/a><\/p>\n<p><a href=\"https:\/\/conflictfood.com\/collections\/ukraine\">Kr\u00e4utertee aus der Ukraine \u2013 Tradition &amp; Zukunft | Conflictfood<\/a><\/p>\n<p style=\"font-size: 14px; background-color: #ffffff;\">\n<p>&nbsp;<\/p>\n<p>[\/et_pb_blurb][\/et_pb_column][et_pb_column type=&#8220;1_2&#8243; _builder_version=&#8220;4.27.0&#8243; _module_preset=&#8220;default&#8220; background_color=&#8220;#FFFFFF&#8220; background_image=&#8220;https:\/\/ewl-lauf.de\/de\/wp-content\/uploads\/2024\/12\/20241214_145418-scaled.jpg&#8220; background_blend=&#8220;lighten&#8220; custom_padding=&#8220;||||false|false&#8220; global_colors_info=&#8220;{}&#8220;][et_pb_image src=&#8220;https:\/\/ewl-lauf.de\/de\/wp-content\/uploads\/2025\/11\/Conflictfood_Freekeh_Brunchmood-scaled.jpg&#8220; title_text=&#8220;Conflictfood_Freekeh_Brunchmood&#8220; _builder_version=&#8220;4.27.4&#8243; _module_preset=&#8220;default&#8220; global_colors_info=&#8220;{}&#8220;][\/et_pb_image][\/et_pb_column][\/et_pb_row][et_pb_row column_structure=&#8220;1_2,1_2&#8243; use_custom_gutter=&#8220;on&#8220; gutter_width=&#8220;1&#8243; make_equal=&#8220;on&#8220; _builder_version=&#8220;4.27.0&#8243; _module_preset=&#8220;default&#8220; background_color=&#8220;RGBA(255,255,255,0)&#8220; custom_margin=&#8220;40px|auto||auto|false|false&#8220; custom_padding=&#8220;0px||0px||true|false&#8220; border_radii=&#8220;on|50px|50px|50px|50px&#8220; border_width_all=&#8220;2px&#8220; border_color_all=&#8220;#CE622F&#8220; box_shadow_style=&#8220;preset4&#8243; box_shadow_horizontal=&#8220;-30vw&#8220; box_shadow_vertical=&#8220;0px&#8220; box_shadow_color=&#8220;RGBA(255,255,255,0)&#8220; global_colors_info=&#8220;{}&#8220;][et_pb_column type=&#8220;1_2&#8243; _builder_version=&#8220;4.27.0&#8243; _module_preset=&#8220;default&#8220; background_color=&#8220;#FFFFFF&#8220; background_image=&#8220;https:\/\/ewl-lauf.de\/de\/wp-content\/uploads\/2024\/12\/20241214_145418-scaled.jpg&#8220; background_blend=&#8220;lighten&#8220; custom_padding=&#8220;||||false|false&#8220; global_colors_info=&#8220;{}&#8220;][dsm_dual_heading before_text=&#8220; &#8220; middle_text=&#8220;Quinoa, Reis und Kakau&#8220; after_text=&#8220;das neue %22wow%22 f\u00fcr den Fr\u00fchst\u00fcckstisch&#8220; after_background_color=&#8220;RGBA(255,255,255,0)&#8220; _builder_version=&#8220;4.27.4&#8243; _module_preset=&#8220;default&#8220; header_font=&#8220;||||||||&#8220; before_font=&#8220;||||||||&#8220; before_text_color=&#8220;#2A2F31&#8243; middle_font=&#8220;|600||on|||||&#8220; middle_text_color=&#8220;#EBB224&#8243; middle_font_size=&#8220;16px&#8220; after_font=&#8220;|600|on||||||&#8220; after_text_color=&#8220;#CE622F&#8220; after_font_size=&#8220;16px&#8220; background_color=&#8220;#2A2F31&#8243; width=&#8220;100%&#8220; min_height=&#8220;74.1px&#8220; custom_margin=&#8220;|31px|0px|||&#8220; custom_padding=&#8220;20px|20px|16px|20px|false|false&#8220; global_colors_info=&#8220;{}&#8220;][\/dsm_dual_heading][et_pb_blurb _builder_version=&#8220;4.27.4&#8243; _module_preset=&#8220;default&#8220; background_color=&#8220;#FFFFFF&#8220; custom_padding=&#8220;||12px|||&#8220; global_colors_info=&#8220;{}&#8220;]<\/p>\n<p style=\"text-align: justify;\">Popquins setzt das Andengetreide neu in Szene. Pur, mit Milch oder als Topping auf Desserts. Einfach lecker! Coronilla bezieht sein Quinoa von bolivianischen Kleinbauern aus der Region. Mit Reis, Kakao um Wasser entsteht ein Teig, der in Form gepresst, getrocknet und mit Rohrzucker verfeinert wird. Viele Frauen sind in diese Arbeitsschritte eingebunden. Sie profitieren von einem \u00f6kologisch, sozialen Familienunternehmen. (Bild und Text: Gepa)<\/p>\n<p>[\/et_pb_blurb][\/et_pb_column][et_pb_column type=&#8220;1_2&#8243; _builder_version=&#8220;4.27.0&#8243; _module_preset=&#8220;default&#8220; background_color=&#8220;#FFFFFF&#8220; background_image=&#8220;https:\/\/ewl-lauf.de\/de\/wp-content\/uploads\/2024\/12\/20241214_145418-scaled.jpg&#8220; background_blend=&#8220;lighten&#8220; custom_padding=&#8220;||||false|false&#8220; global_colors_info=&#8220;{}&#8220;][et_pb_image src=&#8220;https:\/\/ewl-lauf.de\/de\/wp-content\/uploads\/2025\/09\/bio-popquins-cacao.webp&#8220; title_text=&#8220;bio-popquins-cacao&#8220; _builder_version=&#8220;4.27.4&#8243; _module_preset=&#8220;default&#8220; global_colors_info=&#8220;{}&#8220;][\/et_pb_image][\/et_pb_column][\/et_pb_row][\/et_pb_section]<\/p>\n","protected":false},"excerpt":{"rendered":"<p><div class=\"et_pb_module dsm_dual_heading dsm_dual_heading_0  et_pb_bg_layout_light\">\n\t\t\t\t\n\t\t\t\t\n\t\t\t\t\n\t\t\t\t\n\t\t\t\t\n\t\t\t\t\n\t\t\t\t<div class=\"et_pb_module_inner\">\n\t\t\t\t\t<h2 class=\"dsm-dual-heading-main et_pb_module_header\"><span class=\"dsm-dual-heading-before\"> <\/span><span class=\"dsm-dual-heading-middle\">Bio-Oliven\u00f6l<\/span><span class=\"dsm-dual-heading-after\">extra vergine<\/span><\/h2>\n\t\t\t\t<\/div>\n\t\t\t<\/div>Mafiafreies Oliven\u00f6l- so sieht Zukunft aus In vielen Regionen Italiens, besonders im S\u00fcden, kontrollieren mafi\u00f6se Organisationen seit Jahrzehnten Landwirtschaft und Lebensmittelproduktion. Sie nutzen Zwangsarbeit, Ausbeutung von Migrant*innen und illegale Handelsstrukturen. Die Mafia investiert viel Geld in legale Produkte wie Oliven\u00f6l, Wein oder Tomatenerzeugnisse, um Geld zu waschen. Beschlagnahmte Mafia-L\u00e4ndereien werden an Sozialkooperativen vergeben, die auf biologischen Anbau, Umweltschutz und regionale Kreisl\u00e4ufe setzen. Unter der Marke &#8222;Libera Terra&#8220;, gegr\u00fcndet. 2001 von dem katholischen Priester Don Luigi Ciotto, vermarkten diese Sozialkooperativen ihre Produkte, um vor allem arbeitslosen Jugendlichen eine legale Perspektive zu erm\u00f6glichen. Wenn Sie Produkte kaufen, die mafiafrei zertifiziert sind, unterst\u00fctzen Sie legale Arbeit faire L\u00f6hne und sichere Arbeitsbedingungen. Mit diesem Oliven\u00f6l Unterst\u00fctzen Sie faire und legale Arbeitsbedingungen Sch\u00fctzen Sie Umwelt und Natur Setzen Sie ein Zeichen f\u00fcr Gerechtigkeit Erhalten Sie ein hochwertiges, ehrliches, biologisch erzeugtes Oliven\u00f6l &nbsp;<div class=\"et_pb_module dsm_dual_heading dsm_dual_heading_1  et_pb_bg_layout_light\">\n\t\t\t\t\n\t\t\t\t\n\t\t\t\t\n\t\t\t\t\n\t\t\t\t\n\t\t\t\t\n\t\t\t\t<div class=\"et_pb_module_inner\">\n\t\t\t\t\t<h2 class=\"dsm-dual-heading-main et_pb_module_header\"><span class=\"dsm-dual-heading-before\"> <\/span><span class=\"dsm-dual-heading-middle\">Conflictfood<\/span><span class=\"dsm-dual-heading-after\">Sozialer Wandel durch kulinarische K\u00f6stlichkeiten<\/span><\/h2>\n\t\t\t\t<\/div>\n\t\t\t<\/div>f&#8220;So schmeckt Frieden&#8220; &#8211; Genuss mit Haltung. Gernot W\u00fcrtemberger und Salem El-Mogaddedi haben [&hellip;]<\/p>\n","protected":false},"author":1,"featured_media":0,"parent":0,"menu_order":0,"comment_status":"closed","ping_status":"closed","template":"","meta":{"_et_pb_use_builder":"on","_et_pb_old_content":"","_et_gb_content_width":"","footnotes":""},"class_list":["post-18419","page","type-page","status-publish","hentry"],"_links":{"self":[{"href":"https:\/\/ewl-lauf.de\/de\/wp-json\/wp\/v2\/pages\/18419","targetHints":{"allow":["GET"]}}],"collection":[{"href":"https:\/\/ewl-lauf.de\/de\/wp-json\/wp\/v2\/pages"}],"about":[{"href":"https:\/\/ewl-lauf.de\/de\/wp-json\/wp\/v2\/types\/page"}],"author":[{"embeddable":true,"href":"https:\/\/ewl-lauf.de\/de\/wp-json\/wp\/v2\/users\/1"}],"replies":[{"embeddable":true,"href":"https:\/\/ewl-lauf.de\/de\/wp-json\/wp\/v2\/comments?post=18419"}],"version-history":[{"count":25,"href":"https:\/\/ewl-lauf.de\/de\/wp-json\/wp\/v2\/pages\/18419\/revisions"}],"predecessor-version":[{"id":19650,"href":"https:\/\/ewl-lauf.de\/de\/wp-json\/wp\/v2\/pages\/18419\/revisions\/19650"}],"wp:attachment":[{"href":"https:\/\/ewl-lauf.de\/de\/wp-json\/wp\/v2\/media?parent=18419"}],"curies":[{"name":"wp","href":"https:\/\/api.w.org\/{rel}","templated":true}]}}